{"id":107,"date":"2020-05-06T08:45:53","date_gmt":"2020-05-06T05:45:53","guid":{"rendered":"http:\/\/www.dspvn.ro\/?page_id=107"},"modified":"2020-05-06T08:53:05","modified_gmt":"2020-05-06T05:53:05","slug":"legislatie","status":"publish","type":"page","link":"https:\/\/www.dspvn.ro\/index.php\/despre-noi\/legislatie\/","title":{"rendered":"Legisla\u021bie"},"content":{"rendered":"\n<ol class=\"wp-block-list\"><li>Legea nr. 95\/2006, cu modific\u0103rile \u015fi complet\u0103rile ulterioare;<\/li><li>Ordinul Ministrului Sanatatii nr. 1078\/2010 privind aprobarea regulamentului de organizare \u015fi func\u0163ionare \u015fi a structurii organizatorice ale direc\u0163iilor de s\u0103n\u0103tate public\u0103 jude\u0163ene \u015fi a municipiului Bucure\u015fti;<\/li><li>Legea nr. 188\/1999 privind statutul func\u0163ionarilor publici, republicat\u0103;<\/li><li>Legea nr. 161\/2003, privind unele m\u0103suri pentru asigurarea transparen\u0163ei \u00een exercitarea demnit\u0103\u0163ilor publice, a func\u0163iilor publice \u015fi \u00een mediul de afaceri, prevenirea \u015fi sanc\u0163ionarea corup\u0163iei, cu modific\u0103rile \u015fi complet\u0103rile ulterioare;<\/li><li>Legea nr. 53\/2003 \u2013 Codul muncii, cu modific\u0103rile \u015fi complet\u0103rile ulterioare;<\/li><li>Legea nr. 544\/2001 privind liberul acces la informa\u0163iile de interes public, cu modific\u0103rile \u015fi complet\u0103rile ulterioare;<\/li><li>Legea nr. 7\/2004 privind Codul de conduit\u0103 a func\u0163ionarilor publici, republicat\u0103;<\/li><li>Legea nr. 477\/2004 privind Codul de conduit\u0103 a personalului contractual din autorit\u0103\u0163ile \u015fi institu\u0163iile publice.<\/li><\/ol>\n","protected":false},"excerpt":{"rendered":"<p>Legea nr. 95\/2006, cu modific\u0103rile \u015fi complet\u0103rile ulterioare; Ordinul Ministrului Sanatatii nr. 1078\/2010 privind aprobarea regulamentului de organizare \u015fi func\u0163ionare \u015fi a structurii organizatorice ale direc\u0163iilor de s\u0103n\u0103tate public\u0103 jude\u0163ene \u015fi a municipiului Bucure\u015fti; Legea nr. 188\/1999 privind statutul func\u0163ionarilor publici, republicat\u0103; Legea nr. 161\/2003, privind unele m\u0103suri pentru asigurarea transparen\u0163ei \u00een exercitarea demnit\u0103\u0163ilor publice, [&hellip;]<\/p>\n","protected":false},"author":1,"featured_media":0,"parent":109,"menu_order":0,"comment_status":"closed","ping_status":"closed","template":"","meta":{"_regular_price":[],"currency_symbol":[],"_lmt_disableupdate":"","_lmt_disable":"","footnotes":""},"class_list":["post-107","page","type-page","status-publish","hentry"],"post_slider_layout_featured_media_urls":{"thumbnail":"","post_slider_layout_landscape_large":"","post_slider_layout_portrait_large":"","post_slider_layout_square_large":"","post_slider_layout_landscape":"","post_slider_layout_portrait":"","post_slider_layout_square":"","full":""},"_links":{"self":[{"href":"https:\/\/www.dspvn.ro\/index.php\/wp-json\/wp\/v2\/pages\/107","targetHints":{"allow":["GET"]}}],"collection":[{"href":"https:\/\/www.dspvn.ro\/index.php\/wp-json\/wp\/v2\/pages"}],"about":[{"href":"https:\/\/www.dspvn.ro\/index.php\/wp-json\/wp\/v2\/types\/page"}],"author":[{"embeddable":true,"href":"https:\/\/www.dspvn.ro\/index.php\/wp-json\/wp\/v2\/users\/1"}],"replies":[{"embeddable":true,"href":"https:\/\/www.dspvn.ro\/index.php\/wp-json\/wp\/v2\/comments?post=107"}],"version-history":[{"count":1,"href":"https:\/\/www.dspvn.ro\/index.php\/wp-json\/wp\/v2\/pages\/107\/revisions"}],"predecessor-version":[{"id":108,"href":"https:\/\/www.dspvn.ro\/index.php\/wp-json\/wp\/v2\/pages\/107\/revisions\/108"}],"up":[{"embeddable":true,"href":"https:\/\/www.dspvn.ro\/index.php\/wp-json\/wp\/v2\/pages\/109"}],"wp:attachment":[{"href":"https:\/\/www.dspvn.ro\/index.php\/wp-json\/wp\/v2\/media?parent=107"}],"curies":[{"name":"wp","href":"https:\/\/api.w.org\/{rel}","templated":true}]}}