{"id":109,"date":"2020-05-06T08:47:27","date_gmt":"2020-05-06T05:47:27","guid":{"rendered":"http:\/\/www.dspvn.ro\/?page_id=109"},"modified":"2020-05-14T12:59:46","modified_gmt":"2020-05-14T09:59:46","slug":"despre-noi","status":"publish","type":"page","link":"https:\/\/www.dspvn.ro\/index.php\/despre-noi\/","title":{"rendered":"Despre noi"},"content":{"rendered":"\n<p>&nbsp; Direc\u0163ia de S\u0103n\u0103tate Public\u0103 este un serviciu public deconcentrat, cu personalitate juridic\u0103, subordonat\u0103 Ministerului S\u0103n\u0103t\u0103\u0163ii, care realizeaz\u0103 politicile \u015fi programele na\u0163ionale de s\u0103n\u0103tate, elaboreaz\u0103 programe locale, organizeaz\u0103 structurile sanitare, eviden\u0163ele statistice pe probleme de s\u0103n\u0103tate, precum \u015fi de planificare \u015fi derulare a investi\u0163iilor finan\u0163ate de la bugetul de stat pentru sectorul de s\u0103n\u0103tate. Direc\u0163ia de S\u0103n\u0103tate Public\u0103 reprezint\u0103 autoritatea de s\u0103n\u0103tate public\u0103 la nivel local \u015fi are \u00een principal urm\u0103toarele atribu\u0163ii:<br>&#8211;&nbsp;evalueaz\u0103, coordoneaz\u0103 \u015fi monitorizeaz\u0103 modul de asigurare a asisten\u0163ei medicale curative \u015fi profilactice din unit\u0103\u0163ile sanitare din teritoriul arondat, lu\u00e2nd m\u0103suri pentru asigurarea accesului la asisten\u0163\u0103 medical\u0103 a oric\u0103rei persoane din raza jude\u0163ului; &#8211;&nbsp;coordoneaz\u0103, organizeaz\u0103 \u015fi evalueaz\u0103 programele na\u0163ionale de s\u0103n\u0103tate ce se deruleaz\u0103 \u00een teritoriul arondat \u015fi exercit\u0103 atribu\u0163ii specifice de control \u00een s\u0103n\u0103tatea public\u0103, prin personalul \u00eemputernicit, cu aprobarea Ministerului S\u0103n\u0103t\u0103\u0163ii;<br>&#8211;&nbsp;organizeaz\u0103 activit\u0103\u0163i \u00een domeniul s\u0103n\u0103t\u0103\u0163ii publice \u00een colaborare cu autorit\u0103\u0163ile locale, cu institu\u0163ii de \u00eenv\u0103\u0163\u0103m\u00e2nt \u015fi organiza\u0163ii guvernamentale \u015fi nonguvernamentale;-&nbsp;coordoneaz\u0103 serviciile de asisten\u0163\u0103 medical\u0103 din teritoriu, organizeaz\u0103 \u015fi coordoneaz\u0103 asisten\u0163a medical\u0103 \u00een caz de calamit\u0103\u0163i, dezastre, catastrofe \u015fi alte situa\u0163ii deosebite, organizeaz\u0103, coordoneaz\u0103 \u015fi r\u0103spunde de organizarea re\u0163elei sanitare pentru ap\u0103rare, sub coordonarea Ministerului S\u0103n\u0103t\u0103\u0163ii; &#8211;&nbsp;particip\u0103 la coordonarea acord\u0103rii primului ajutor calificat \u00eempreun\u0103 cu Inspectoratul pentru Situa\u0163ii de Urgen\u0163\u0103 \u015fi cu alte structuri din Ministerul S\u0103n\u0103t\u0103\u0163ii;<br>&#8211;&nbsp;organizeaz\u0103 culegerea \u015fi prelucrarea datelor statistice de la to\u0163i furnizorii de servicii medicale, indiferent de forma de organizare, \u00eentocme\u015fte \u015fi transmite rapoarte statistice c\u0103tre institu\u0163iile desemnate \u00een acest sens;<br>&#8211;&nbsp;furnizeaz\u0103 date statistice c\u0103tre alte autorit\u0103\u0163i, la solicitare \u015fi cu respectarea confiden\u0163ialit\u0103\u0163ii datelor;<br>&#8211;&nbsp;avizeaz\u0103 \u015fi supune aprob\u0103rii Ministerului S\u0103n\u0103t\u0103\u0163ii propunerile privind structura organizatoric\u0103, reorganizarea, restructurarea, schimbarea sediului \u015fi a denumirii unit\u0103\u0163ilor sanitare din subordine;<br>&#8211;&nbsp;la cerere, efectueaz\u0103, potrivit dispozi\u0163iilor legale, servicii de s\u0103n\u0103tate public\u0103, pentru care se percep tarife potrivit actelor normative \u00een vigoare.<\/p>\n\n\n\n<p>&nbsp;&nbsp;&nbsp; Conducerea Direc\u0163iei de S\u0103n\u0103tate Public\u0103 este asigurat\u0103 de un comitet director, compus din director executiv \u015fi directorii executivi adjunc\u0163i.<br>Structura Direc\u0163iei de S\u0103n\u0103tate Public\u0103 cuprinde servicii, birouri \u015fi compartimente func\u0163ionale.<br>Personalul Direc\u0163iei de S\u0103n\u0103tate Public\u0103 este constituit din func\u0163ionari publici, cu excep\u0163ia personalului din cadrul laboratoarelor \u015fi a personalului care desf\u0103\u015foar\u0103 activit\u0103\u0163i de secretariat, administra\u0163ie, de aprovizionare \u015fi de mentenan\u0163\u0103, care au calitatea de personal contractual.<\/p><div id=\"dspvn-3239117283\" class=\"dspvn-continut dspvn-entity-placement\" style=\"margin-bottom: 10px;margin-left: auto;margin-right: auto;text-align: center;\"><a href=\"https:\/\/www.fiipregatit.ro\/\" target=\"_blank\" aria-label=\"www.fiipregatit.ro\"><img src=\"https:\/\/www.dspvn.ro\/wp-content\/uploads\/2023\/07\/fiipreg.jpg\" alt=\"www.fiipregatit.ro\"  srcset=\"https:\/\/www.dspvn.ro\/wp-content\/uploads\/2023\/07\/fiipreg.jpg 946w, https:\/\/www.dspvn.ro\/wp-content\/uploads\/2023\/07\/fiipreg-300x25.jpg 300w, https:\/\/www.dspvn.ro\/wp-content\/uploads\/2023\/07\/fiipreg-150x12.jpg 150w, https:\/\/www.dspvn.ro\/wp-content\/uploads\/2023\/07\/fiipreg-768x63.jpg 768w, https:\/\/www.dspvn.ro\/wp-content\/uploads\/2023\/07\/fiipreg-600x49.jpg 600w\" sizes=\"(max-width: 946px) 100vw, 946px\" class=\"no-lazyload\" width=\"800\" height=\"78\"  style=\"display: inline-block;\" \/><\/a><\/div>\n\n\n<p><\/p>","protected":false},"excerpt":{"rendered":"<p>&nbsp; Direc\u0163ia de S\u0103n\u0103tate Public\u0103 este un serviciu public deconcentrat, cu personalitate juridic\u0103, subordonat\u0103 Ministerului S\u0103n\u0103t\u0103\u0163ii, care realizeaz\u0103 politicile \u015fi programele na\u0163ionale de s\u0103n\u0103tate, elaboreaz\u0103 programe locale, organizeaz\u0103 structurile sanitare, eviden\u0163ele statistice pe probleme de s\u0103n\u0103tate, precum \u015fi de planificare \u015fi derulare a investi\u0163iilor finan\u0163ate de la bugetul de stat pentru sectorul de s\u0103n\u0103tate. Direc\u0163ia [&hellip;]<\/p>\n","protected":false},"author":1,"featured_media":0,"parent":0,"menu_order":0,"comment_status":"closed","ping_status":"closed","template":"","meta":{"_regular_price":[],"currency_symbol":[],"_lmt_disableupdate":"","_lmt_disable":"","footnotes":""},"class_list":["post-109","page","type-page","status-publish","hentry"],"post_slider_layout_featured_media_urls":{"thumbnail":"","post_slider_layout_landscape_large":"","post_slider_layout_portrait_large":"","post_slider_layout_square_large":"","post_slider_layout_landscape":"","post_slider_layout_portrait":"","post_slider_layout_square":"","full":""},"_links":{"self":[{"href":"https:\/\/www.dspvn.ro\/index.php\/wp-json\/wp\/v2\/pages\/109","targetHints":{"allow":["GET"]}}],"collection":[{"href":"https:\/\/www.dspvn.ro\/index.php\/wp-json\/wp\/v2\/pages"}],"about":[{"href":"https:\/\/www.dspvn.ro\/index.php\/wp-json\/wp\/v2\/types\/page"}],"author":[{"embeddable":true,"href":"https:\/\/www.dspvn.ro\/index.php\/wp-json\/wp\/v2\/users\/1"}],"replies":[{"embeddable":true,"href":"https:\/\/www.dspvn.ro\/index.php\/wp-json\/wp\/v2\/comments?post=109"}],"version-history":[{"count":7,"href":"https:\/\/www.dspvn.ro\/index.php\/wp-json\/wp\/v2\/pages\/109\/revisions"}],"predecessor-version":[{"id":642,"href":"https:\/\/www.dspvn.ro\/index.php\/wp-json\/wp\/v2\/pages\/109\/revisions\/642"}],"wp:attachment":[{"href":"https:\/\/www.dspvn.ro\/index.php\/wp-json\/wp\/v2\/media?parent=109"}],"curies":[{"name":"wp","href":"https:\/\/api.w.org\/{rel}","templated":true}]}}