{"id":308,"date":"2020-05-11T08:38:55","date_gmt":"2020-05-11T05:38:55","guid":{"rendered":"http:\/\/www.dspvn.ro\/?page_id=308"},"modified":"2026-03-04T09:36:21","modified_gmt":"2026-03-04T07:36:21","slug":"calitatea-apei-in-vrancea","status":"publish","type":"page","link":"https:\/\/www.dspvn.ro\/index.php\/informatii-utile\/calitatea-apei-in-vrancea\/","title":{"rendered":"Rapoarte jude\u021bene"},"content":{"rendered":"\n<p class=\"has-black-color has-text-color has-link-color wp-elements-3364ff5e7cc88f95d539664b22061a48\">     \u00cen<span class=\"has-inline-color has-very-dark-gray-color\"> aceast\u0103 pagin\u0103 g\u0103si\u021bi rapoartele privind calitatea apei produs\u0103 \u0219i distribuit\u0103 \u00een jude\u021bul Vrancea. Calitatea apei este reglementat\u0103 de <a href=\"http:\/\/www.dspvn.ro\/wp-content\/uploads\/2020\/05\/L458_2002.pdf\">Legea 458\/2002<\/a> (republicat\u0103 \u00een 2011) cu modific\u0103rile \u0219i complet\u0103rile ulterioare . Ave\u021bi nevoie de programul gratuit Adobe Reader pentru a vizualiza fi\u0219ierele.<\/span><\/p><div id=\"dspvn-4059600711\" class=\"dspvn-continut dspvn-entity-placement\" style=\"margin-bottom: 10px;margin-left: auto;margin-right: auto;text-align: center;\"><a href=\"https:\/\/www.fiipregatit.ro\/\" target=\"_blank\" aria-label=\"www.fiipregatit.ro\"><img src=\"https:\/\/www.dspvn.ro\/wp-content\/uploads\/2023\/07\/fiipreg.jpg\" alt=\"www.fiipregatit.ro\"  srcset=\"https:\/\/www.dspvn.ro\/wp-content\/uploads\/2023\/07\/fiipreg.jpg 946w, https:\/\/www.dspvn.ro\/wp-content\/uploads\/2023\/07\/fiipreg-300x25.jpg 300w, https:\/\/www.dspvn.ro\/wp-content\/uploads\/2023\/07\/fiipreg-150x12.jpg 150w, https:\/\/www.dspvn.ro\/wp-content\/uploads\/2023\/07\/fiipreg-768x63.jpg 768w, https:\/\/www.dspvn.ro\/wp-content\/uploads\/2023\/07\/fiipreg-600x49.jpg 600w\" sizes=\"(max-width: 946px) 100vw, 946px\" class=\"no-lazyload\" width=\"800\" height=\"78\"  style=\"display: inline-block;\" \/><\/a><\/div>\n\n\n\n<div class=\"wp-block-file\"><a id=\"wp-block-file--media-7a93591e-be03-48de-8a20-ba154e410c50\" href=\"https:\/\/www.dspvn.ro\/wp-content\/uploads\/2026\/03\/Raport-judetean-apa-2025.pdf\">Raport jude\u021bean calitatea apei \u00een 2025<\/a><a href=\"https:\/\/www.dspvn.ro\/wp-content\/uploads\/2026\/03\/Raport-judetean-apa-2025.pdf\" class=\"wp-block-file__button wp-element-button\" download aria-describedby=\"wp-block-file--media-7a93591e-be03-48de-8a20-ba154e410c50\">Descarc\u0103<\/a><\/div>\n\n\n\n<div class=\"wp-block-file\"><a id=\"wp-block-file--media-685ba098-f20d-490d-b599-52437fc8a091\" href=\"https:\/\/www.dspvn.ro\/wp-content\/uploads\/2025\/03\/Raport-judetean-apa-2024.pdf\">Raport judetean calitatea apei \u00een 2024<\/a><a href=\"https:\/\/www.dspvn.ro\/wp-content\/uploads\/2025\/03\/Raport-judetean-apa-2024.pdf\" class=\"wp-block-file__button wp-element-button\" download aria-describedby=\"wp-block-file--media-685ba098-f20d-490d-b599-52437fc8a091\">Descarc\u0103<\/a><\/div>\n\n\n\n<div class=\"wp-block-file\"><a id=\"wp-block-file--media-7943fa0f-8925-40eb-b2c8-2413b2de5e6b\" href=\"https:\/\/www.dspvn.ro\/wp-content\/uploads\/2024\/03\/Raport-judetean-apa-2023.pdf\">Raport jude\u021bean calitatea apei \u00een 2023<\/a><a href=\"https:\/\/www.dspvn.ro\/wp-content\/uploads\/2024\/03\/Raport-judetean-apa-2023.pdf\" class=\"wp-block-file__button wp-element-button\" download aria-describedby=\"wp-block-file--media-7943fa0f-8925-40eb-b2c8-2413b2de5e6b\">Descarc\u0103<\/a><\/div>\n\n\n\n<div class=\"wp-block-file\"><a id=\"wp-block-file--media-efde8cbc-42c0-4602-9b33-6910416c6466\" href=\"https:\/\/www.dspvn.ro\/wp-content\/uploads\/2023\/03\/Raport-judetean-apa-2022.pdf\">Raport jude\u021bean calitatea apei \u00een 2022<\/a><a href=\"https:\/\/www.dspvn.ro\/wp-content\/uploads\/2023\/03\/Raport-judetean-apa-2022.pdf\" class=\"wp-block-file__button wp-element-button\" download aria-describedby=\"wp-block-file--media-efde8cbc-42c0-4602-9b33-6910416c6466\">Descarc\u0103<\/a><\/div>\n\n\n\n<div class=\"wp-block-file\"><a id=\"wp-block-file--media-db28c237-403a-431e-997d-5a10ea7e8319\" href=\"https:\/\/www.dspvn.ro\/wp-content\/uploads\/2022\/03\/Raport-judetean-apa-2021-2.pdf\">Raport jude\u021bean calitatea apei \u00een 2021<\/a><a href=\"https:\/\/www.dspvn.ro\/wp-content\/uploads\/2022\/03\/Raport-judetean-apa-2021-2.pdf\" class=\"wp-block-file__button wp-element-button\" download aria-describedby=\"wp-block-file--media-db28c237-403a-431e-997d-5a10ea7e8319\">Descarc\u0103<\/a><\/div>\n\n\n\n<div class=\"wp-block-file\"><a id=\"wp-block-file--media-7be693fc-433d-4217-bcde-873f95f8c835\" href=\"http:\/\/www.dspvn.ro\/wp-content\/uploads\/2021\/04\/Raport-judetean-apa-2020-.pdf\">Raport jude\u021bean calitatea apei \u00een 2020<\/a><a href=\"http:\/\/www.dspvn.ro\/wp-content\/uploads\/2021\/04\/Raport-judetean-apa-2020-.pdf\" class=\"wp-block-file__button wp-element-button\" download aria-describedby=\"wp-block-file--media-7be693fc-433d-4217-bcde-873f95f8c835\">Descarc\u0103<\/a><\/div>\n\n\n\n<div class=\"wp-block-file\"><a id=\"wp-block-file--media-cb5179d6-4a12-4af3-a042-5560cd72e4db\" href=\"http:\/\/www.dspvn.ro\/wp-content\/uploads\/2020\/05\/Raport-judetean-apa-2019.pdf\">Raport judetean calitatea apei \u00een 2019<\/a><a href=\"http:\/\/www.dspvn.ro\/wp-content\/uploads\/2020\/05\/Raport-judetean-apa-2019.pdf\" class=\"wp-block-file__button wp-element-button\" download aria-describedby=\"wp-block-file--media-cb5179d6-4a12-4af3-a042-5560cd72e4db\">Descarc\u0103<\/a><\/div>\n\n\n\n<div class=\"wp-block-file\"><a id=\"wp-block-file--media-3db7cadb-0e63-4381-ba8c-a39746ad3ab7\" href=\"http:\/\/www.dspvn.ro\/wp-content\/uploads\/2020\/05\/raport-judetean-apa-2018.pdf\">Raport jude\u021bean calitatea apei \u00een 2018<\/a><a href=\"http:\/\/www.dspvn.ro\/wp-content\/uploads\/2020\/05\/raport-judetean-apa-2018.pdf\" class=\"wp-block-file__button wp-element-button\" download aria-describedby=\"wp-block-file--media-3db7cadb-0e63-4381-ba8c-a39746ad3ab7\">Descarc\u0103<\/a><\/div>\n\n\n\n<div class=\"wp-block-file\"><a id=\"wp-block-file--media-55558bec-bbef-42b2-a010-854f4a59c223\" href=\"http:\/\/www.dspvn.ro\/wp-content\/uploads\/2020\/05\/raport-judetean-apa-2017.pdf\">Raport jude\u021bean calitatea apei \u00een 2017<\/a><a href=\"http:\/\/www.dspvn.ro\/wp-content\/uploads\/2020\/05\/raport-judetean-apa-2017.pdf\" class=\"wp-block-file__button wp-element-button\" download aria-describedby=\"wp-block-file--media-55558bec-bbef-42b2-a010-854f4a59c223\">Descarc\u0103<\/a><\/div>\n\n\n\n<div class=\"wp-block-file\"><a id=\"wp-block-file--media-3321fde2-3ff9-4c68-b38a-58c9f49c8a44\" href=\"http:\/\/www.dspvn.ro\/wp-content\/uploads\/2020\/05\/raport-judetean-apa-2016.pdf\">Raport jude\u021bean calitatea apei \u00een 2016<\/a><a href=\"http:\/\/www.dspvn.ro\/wp-content\/uploads\/2020\/05\/raport-judetean-apa-2016.pdf\" class=\"wp-block-file__button wp-element-button\" download aria-describedby=\"wp-block-file--media-3321fde2-3ff9-4c68-b38a-58c9f49c8a44\">Descarc\u0103<\/a><\/div>\n\n\n\n<div class=\"wp-block-file\"><a id=\"wp-block-file--media-3efe3e01-8014-4142-ae40-8e40bd790033\" href=\"http:\/\/www.dspvn.ro\/wp-content\/uploads\/2020\/05\/raport-judetean-apa-2015.pdf\">Raport jude\u021bean calitatea apei \u00een 2015<\/a><a href=\"http:\/\/www.dspvn.ro\/wp-content\/uploads\/2020\/05\/raport-judetean-apa-2015.pdf\" class=\"wp-block-file__button wp-element-button\" download aria-describedby=\"wp-block-file--media-3efe3e01-8014-4142-ae40-8e40bd790033\">Descarc\u0103<\/a><\/div>\n\n\n\n<div class=\"wp-block-file\"><a id=\"wp-block-file--media-79a4ed7d-462a-452a-acff-b2f67b0cc4b9\" href=\"http:\/\/www.dspvn.ro\/wp-content\/uploads\/2020\/05\/raport-judetean-apa-2014.pdf\">Raport jude\u021bean calitatea apei \u00een 2014<\/a><a href=\"http:\/\/www.dspvn.ro\/wp-content\/uploads\/2020\/05\/raport-judetean-apa-2014.pdf\" class=\"wp-block-file__button wp-element-button\" download aria-describedby=\"wp-block-file--media-79a4ed7d-462a-452a-acff-b2f67b0cc4b9\">Descarc\u0103<\/a><\/div>\n\n\n\n<div class=\"wp-block-file\"><a id=\"wp-block-file--media-f40cb272-9027-4aba-8b66-121139360937\" href=\"http:\/\/www.dspvn.ro\/wp-content\/uploads\/2020\/05\/Raport-judetean-apa-2013.pdf\">Raport jude\u021bean calitatea apei \u00een 2013<\/a><a href=\"http:\/\/www.dspvn.ro\/wp-content\/uploads\/2020\/05\/Raport-judetean-apa-2013.pdf\" class=\"wp-block-file__button wp-element-button\" download aria-describedby=\"wp-block-file--media-f40cb272-9027-4aba-8b66-121139360937\">Descarc\u0103<\/a><\/div>\n\n\n\n<figure class=\"wp-block-image size-large\"><img fetchpriority=\"high\" decoding=\"async\" width=\"615\" height=\"409\" src=\"http:\/\/www.dspvn.ro\/wp-content\/uploads\/2020\/05\/apa.jpg\" alt=\"\" class=\"wp-image-317\" srcset=\"https:\/\/www.dspvn.ro\/wp-content\/uploads\/2020\/05\/apa.jpg 615w, https:\/\/www.dspvn.ro\/wp-content\/uploads\/2020\/05\/apa-300x200.jpg 300w, https:\/\/www.dspvn.ro\/wp-content\/uploads\/2020\/05\/apa-150x100.jpg 150w, https:\/\/www.dspvn.ro\/wp-content\/uploads\/2020\/05\/apa-600x399.jpg 600w\" sizes=\"(max-width: 615px) 100vw, 615px\" \/><\/figure>\n","protected":false},"excerpt":{"rendered":"<p>\u00cen aceast\u0103 pagin\u0103 g\u0103si\u021bi rapoartele privind calitatea apei produs\u0103 \u0219i distribuit\u0103 \u00een jude\u021bul Vrancea. Calitatea apei este reglementat\u0103 de Legea 458\/2002 (republicat\u0103 \u00een 2011) cu modific\u0103rile \u0219i complet\u0103rile ulterioare . Ave\u021bi nevoie de programul gratuit Adobe Reader pentru a vizualiza fi\u0219ierele.<\/p>\n","protected":false},"author":1,"featured_media":317,"parent":127,"menu_order":0,"comment_status":"closed","ping_status":"closed","template":"","meta":{"_regular_price":[],"currency_symbol":[],"_lmt_disableupdate":"no","_lmt_disable":"no","footnotes":""},"class_list":["post-308","page","type-page","status-publish","has-post-thumbnail","hentry"],"post_slider_layout_featured_media_urls":{"thumbnail":["https:\/\/www.dspvn.ro\/wp-content\/uploads\/2020\/05\/apa-150x100.jpg",150,100,true],"post_slider_layout_landscape_large":["https:\/\/www.dspvn.ro\/wp-content\/uploads\/2020\/05\/apa.jpg",615,409,false],"post_slider_layout_portrait_large":["https:\/\/www.dspvn.ro\/wp-content\/uploads\/2020\/05\/apa.jpg",615,409,false],"post_slider_layout_square_large":["https:\/\/www.dspvn.ro\/wp-content\/uploads\/2020\/05\/apa.jpg",615,409,false],"post_slider_layout_landscape":["https:\/\/www.dspvn.ro\/wp-content\/uploads\/2020\/05\/apa.jpg",600,400,false],"post_slider_layout_portrait":["https:\/\/www.dspvn.ro\/wp-content\/uploads\/2020\/05\/apa.jpg",600,399,false],"post_slider_layout_square":["https:\/\/www.dspvn.ro\/wp-content\/uploads\/2020\/05\/apa.jpg",600,399,false],"full":["https:\/\/www.dspvn.ro\/wp-content\/uploads\/2020\/05\/apa.jpg",615,409,false]},"_links":{"self":[{"href":"https:\/\/www.dspvn.ro\/index.php\/wp-json\/wp\/v2\/pages\/308","targetHints":{"allow":["GET"]}}],"collection":[{"href":"https:\/\/www.dspvn.ro\/index.php\/wp-json\/wp\/v2\/pages"}],"about":[{"href":"https:\/\/www.dspvn.ro\/index.php\/wp-json\/wp\/v2\/types\/page"}],"author":[{"embeddable":true,"href":"https:\/\/www.dspvn.ro\/index.php\/wp-json\/wp\/v2\/users\/1"}],"replies":[{"embeddable":true,"href":"https:\/\/www.dspvn.ro\/index.php\/wp-json\/wp\/v2\/comments?post=308"}],"version-history":[{"count":16,"href":"https:\/\/www.dspvn.ro\/index.php\/wp-json\/wp\/v2\/pages\/308\/revisions"}],"predecessor-version":[{"id":6750,"href":"https:\/\/www.dspvn.ro\/index.php\/wp-json\/wp\/v2\/pages\/308\/revisions\/6750"}],"up":[{"embeddable":true,"href":"https:\/\/www.dspvn.ro\/index.php\/wp-json\/wp\/v2\/pages\/127"}],"wp:featuredmedia":[{"embeddable":true,"href":"https:\/\/www.dspvn.ro\/index.php\/wp-json\/wp\/v2\/media\/317"}],"wp:attachment":[{"href":"https:\/\/www.dspvn.ro\/index.php\/wp-json\/wp\/v2\/media?parent=308"}],"curies":[{"name":"wp","href":"https:\/\/api.w.org\/{rel}","templated":true}]}}