{"id":325,"date":"2020-05-11T09:25:43","date_gmt":"2020-05-11T06:25:43","guid":{"rendered":"http:\/\/www.dspvn.ro\/?page_id=325"},"modified":"2025-06-25T14:12:49","modified_gmt":"2025-06-25T12:12:49","slug":"ghid-documente-medici","status":"publish","type":"page","link":"https:\/\/www.dspvn.ro\/index.php\/informatii-utile\/ghid-documente-medici\/","title":{"rendered":"Ghid documente medici"},"content":{"rendered":"\n<p><span class=\"has-inline-color has-very-dark-gray-color\">  Ghid privind documentele care se depun la direc\u0163iile de s\u0103n\u0103tate public\u0103, precum \u015fi a documentelor emise de Ministerul S\u0103n\u0103t\u0103\u0163ii care pot fi eliberate prin direc\u0163ia de s\u0103n\u0103tate public\u0103 medicilor cu domiciliul \u00een jud. Vrancea&#8230;<\/span><\/p>\n\n\n\n<p><\/p>\n\n\n\n<div class=\"wp-block-file\"><a href=\"http:\/\/www.dspvn.ro\/wp-content\/uploads\/2020\/05\/certificat-de-conformitate-_documente.pdf\">Documente certificat de conformitate<\/a><a href=\"http:\/\/www.dspvn.ro\/wp-content\/uploads\/2020\/05\/certificat-de-conformitate-_documente.pdf\" class=\"wp-block-file__button wp-element-button\" download>Descarc\u0103<\/a><\/div>\n\n\n\n<div class=\"wp-block-file\"><a href=\"http:\/\/www.dspvn.ro\/wp-content\/uploads\/2020\/05\/anunt-recunoastere-calificari.pdf\">Anunt recunoastere calificari<\/a><a href=\"http:\/\/www.dspvn.ro\/wp-content\/uploads\/2020\/05\/anunt-recunoastere-calificari.pdf\" class=\"wp-block-file__button wp-element-button\" download>Descarc\u0103<\/a><\/div>\n\n\n\n<div class=\"wp-block-file\"><a href=\"http:\/\/www.dspvn.ro\/wp-content\/uploads\/2020\/05\/ghid-dsp-medic-si-asist.certificare-08.2010.pdf\">Ghid certificate de conformitate<\/a><a href=\"http:\/\/www.dspvn.ro\/wp-content\/uploads\/2020\/05\/ghid-dsp-medic-si-asist.certificare-08.2010.pdf\" class=\"wp-block-file__button wp-element-button\" download>Descarc\u0103<\/a><\/div>\n\n\n\n<p><strong>PROGRAM PRIMIRE DOCUMENTE\/ELIBERARE CERTIFICATE DE CONFORMITATE<\/strong><\/p>\n\n\n\n<p><strong>LUNI- VINERI<\/strong> \u00eentre orele <strong>9,00- 13,00<\/strong><\/p>\n\n\n\n<p>Persoana responsabil\u0103 :<\/p>\n\n\n\n<p>Toroc Tataru Simona Alina, consilier RUNOS, camera 6,parter, telefon 0237.225979 <\/p>\n\n\n\n<p>Certificatul se elibereaz\u0103 titularului sau unei persoane \u00eemputernicite de c\u0103tre acesta prin procur\u0103 notarial\u0103.<\/p><div id=\"dspvn-2152453819\" class=\"dspvn-continut dspvn-entity-placement\" style=\"margin-bottom: 10px;margin-left: auto;margin-right: auto;text-align: center;\"><a href=\"https:\/\/www.fiipregatit.ro\/\" target=\"_blank\" aria-label=\"www.fiipregatit.ro\"><img src=\"https:\/\/www.dspvn.ro\/wp-content\/uploads\/2023\/07\/fiipreg.jpg\" alt=\"www.fiipregatit.ro\"  srcset=\"https:\/\/www.dspvn.ro\/wp-content\/uploads\/2023\/07\/fiipreg.jpg 946w, https:\/\/www.dspvn.ro\/wp-content\/uploads\/2023\/07\/fiipreg-300x25.jpg 300w, https:\/\/www.dspvn.ro\/wp-content\/uploads\/2023\/07\/fiipreg-150x12.jpg 150w, https:\/\/www.dspvn.ro\/wp-content\/uploads\/2023\/07\/fiipreg-768x63.jpg 768w, https:\/\/www.dspvn.ro\/wp-content\/uploads\/2023\/07\/fiipreg-600x49.jpg 600w\" sizes=\"(max-width: 946px) 100vw, 946px\" class=\"no-lazyload\" width=\"800\" height=\"78\"  style=\"display: inline-block;\" \/><\/a><\/div>\n","protected":false},"excerpt":{"rendered":"<p>Ghid privind documentele care se depun la direc\u0163iile de s\u0103n\u0103tate public\u0103, precum \u015fi a documentelor emise de Ministerul S\u0103n\u0103t\u0103\u0163ii care pot fi eliberate prin direc\u0163ia de s\u0103n\u0103tate public\u0103 medicilor cu domiciliul \u00een jud. Vrancea&#8230; PROGRAM PRIMIRE DOCUMENTE\/ELIBERARE CERTIFICATE DE CONFORMITATE LUNI- VINERI \u00eentre orele 9,00- 13,00 Persoana responsabil\u0103 : Toroc Tataru Simona Alina, consilier RUNOS, [&hellip;]<\/p>\n","protected":false},"author":1,"featured_media":0,"parent":127,"menu_order":0,"comment_status":"closed","ping_status":"closed","template":"","meta":{"_regular_price":[],"currency_symbol":[],"_lmt_disableupdate":"","_lmt_disable":"","footnotes":""},"class_list":["post-325","page","type-page","status-publish","hentry"],"post_slider_layout_featured_media_urls":{"thumbnail":"","post_slider_layout_landscape_large":"","post_slider_layout_portrait_large":"","post_slider_layout_square_large":"","post_slider_layout_landscape":"","post_slider_layout_portrait":"","post_slider_layout_square":"","full":""},"_links":{"self":[{"href":"https:\/\/www.dspvn.ro\/index.php\/wp-json\/wp\/v2\/pages\/325","targetHints":{"allow":["GET"]}}],"collection":[{"href":"https:\/\/www.dspvn.ro\/index.php\/wp-json\/wp\/v2\/pages"}],"about":[{"href":"https:\/\/www.dspvn.ro\/index.php\/wp-json\/wp\/v2\/types\/page"}],"author":[{"embeddable":true,"href":"https:\/\/www.dspvn.ro\/index.php\/wp-json\/wp\/v2\/users\/1"}],"replies":[{"embeddable":true,"href":"https:\/\/www.dspvn.ro\/index.php\/wp-json\/wp\/v2\/comments?post=325"}],"version-history":[{"count":7,"href":"https:\/\/www.dspvn.ro\/index.php\/wp-json\/wp\/v2\/pages\/325\/revisions"}],"predecessor-version":[{"id":6575,"href":"https:\/\/www.dspvn.ro\/index.php\/wp-json\/wp\/v2\/pages\/325\/revisions\/6575"}],"up":[{"embeddable":true,"href":"https:\/\/www.dspvn.ro\/index.php\/wp-json\/wp\/v2\/pages\/127"}],"wp:attachment":[{"href":"https:\/\/www.dspvn.ro\/index.php\/wp-json\/wp\/v2\/media?parent=325"}],"curies":[{"name":"wp","href":"https:\/\/api.w.org\/{rel}","templated":true}]}}