{"id":6482,"date":"2025-04-16T10:31:28","date_gmt":"2025-04-16T08:31:28","guid":{"rendered":"https:\/\/www.dspvn.ro\/?page_id=6482"},"modified":"2025-04-16T10:53:14","modified_gmt":"2025-04-16T08:53:14","slug":"avertizor-in-interes-public","status":"publish","type":"page","link":"https:\/\/www.dspvn.ro\/index.php\/avertizor-in-interes-public\/","title":{"rendered":"Avertizor \u00een interes public"},"content":{"rendered":"\n<p><\/p>\n\n\n\n<p class=\"has-black-color has-text-color has-link-color wp-elements-1494462bd628e6c370a97101eea1ccad\">Persoana responsabil\u0103 de primirea, \u00eenregistrarea, examinarea, efectuarea de ac\u0163iuni subsecvente \u015fi solu\u0163ionarea raport\u0103rilor avertiz\u0103rilor \u00een interes public, cu respectarea prevederilor legale \u00een vigoare, este dna. <strong><em>Candea Monica<\/em><\/strong> , e-mail: <strong><em>monica.candea@dspvn.ro<\/em><\/strong> ( numit\u0103 prin dispozitia nr.114\/15.06.2023) . <\/p>\n\n\n\n<p><em>Not\u0103: Pentru mesajele pe e-mail solicita\u021bi \u00eentotdeauna o confirmare de primire. Acestea pot fi oprite de un filtru de spam sau din alte cauze.<\/em><\/p><div id=\"dspvn-2403513866\" class=\"dspvn-continut dspvn-entity-placement\" style=\"margin-bottom: 10px;margin-left: auto;margin-right: auto;text-align: center;\"><a href=\"https:\/\/www.fiipregatit.ro\/\" target=\"_blank\" aria-label=\"www.fiipregatit.ro\"><img src=\"https:\/\/www.dspvn.ro\/wp-content\/uploads\/2023\/07\/fiipreg.jpg\" alt=\"www.fiipregatit.ro\"  srcset=\"https:\/\/www.dspvn.ro\/wp-content\/uploads\/2023\/07\/fiipreg.jpg 946w, https:\/\/www.dspvn.ro\/wp-content\/uploads\/2023\/07\/fiipreg-300x25.jpg 300w, https:\/\/www.dspvn.ro\/wp-content\/uploads\/2023\/07\/fiipreg-150x12.jpg 150w, https:\/\/www.dspvn.ro\/wp-content\/uploads\/2023\/07\/fiipreg-768x63.jpg 768w, https:\/\/www.dspvn.ro\/wp-content\/uploads\/2023\/07\/fiipreg-600x49.jpg 600w\" sizes=\"(max-width: 946px) 100vw, 946px\" class=\"no-lazyload\" width=\"800\" height=\"78\"  style=\"display: inline-block;\" \/><\/a><\/div>\n\n\n\n<div class=\"wp-block-file\"><a id=\"wp-block-file--media-c2f9194d-ea19-4b38-9954-892d267dd752\" href=\"https:\/\/www.dspvn.ro\/wp-content\/uploads\/2025\/04\/F01-PS-01.7-Model-Formular-avertizare.pdf\"><strong>Model Formular avertizare<\/strong><\/a><a href=\"https:\/\/www.dspvn.ro\/wp-content\/uploads\/2025\/04\/F01-PS-01.7-Model-Formular-avertizare.pdf\" class=\"wp-block-file__button wp-element-button\" download aria-describedby=\"wp-block-file--media-c2f9194d-ea19-4b38-9954-892d267dd752\">Descarc\u0103<\/a><\/div>\n\n\n\n<div class=\"wp-block-file\"><a id=\"wp-block-file--media-149f9c88-5aba-484f-92e2-3dfd2b217acd\" href=\"https:\/\/www.dspvn.ro\/wp-content\/uploads\/2025\/04\/F04-PS-01.7-Lista-Norme-legislative-pentru-raportarea-incalcarilor-legii.pdf\"><strong>Lista Norme legislative pentru raportarea incalcarilor legii<\/strong><\/a><a href=\"https:\/\/www.dspvn.ro\/wp-content\/uploads\/2025\/04\/F04-PS-01.7-Lista-Norme-legislative-pentru-raportarea-incalcarilor-legii.pdf\" class=\"wp-block-file__button wp-element-button\" download aria-describedby=\"wp-block-file--media-149f9c88-5aba-484f-92e2-3dfd2b217acd\">Descarc\u0103<\/a><\/div>\n\n\n\n<div class=\"wp-block-file\"><a id=\"wp-block-file--media-85453343-65ad-42b8-bbd3-e1a75c1968a8\" href=\"https:\/\/www.dspvn.ro\/wp-content\/uploads\/2025\/04\/PS-01.7-Procedura-Avertizorii-in-interes-public.pdf\"><strong>Procedura Avertizorii in interes public<\/strong><\/a><a href=\"https:\/\/www.dspvn.ro\/wp-content\/uploads\/2025\/04\/PS-01.7-Procedura-Avertizorii-in-interes-public.pdf\" class=\"wp-block-file__button wp-element-button\" download aria-describedby=\"wp-block-file--media-85453343-65ad-42b8-bbd3-e1a75c1968a8\">Descarc\u0103<\/a><\/div>\n\n\n\n<div class=\"wp-block-file\"><a id=\"wp-block-file--media-2291a382-3941-4ad6-89e3-61cc2bb302ad\" href=\"https:\/\/www.dspvn.ro\/wp-content\/uploads\/2025\/04\/Anexa-nr.1-PS-01.7-Diagrama-de-proces.pdf\"><strong>Diagrama de proces<\/strong><\/a><a href=\"https:\/\/www.dspvn.ro\/wp-content\/uploads\/2025\/04\/Anexa-nr.1-PS-01.7-Diagrama-de-proces.pdf\" class=\"wp-block-file__button wp-element-button\" download aria-describedby=\"wp-block-file--media-2291a382-3941-4ad6-89e3-61cc2bb302ad\">Descarc\u0103<\/a><\/div>\n\n\n\n<p><\/p>\n","protected":false},"excerpt":{"rendered":"<p>Persoana responsabil\u0103 de primirea, \u00eenregistrarea, examinarea, efectuarea de ac\u0163iuni subsecvente \u015fi solu\u0163ionarea raport\u0103rilor avertiz\u0103rilor \u00een interes public, cu respectarea prevederilor legale \u00een vigoare, este dna. Candea Monica , e-mail: monica.candea@dspvn.ro ( numit\u0103 prin dispozitia nr.114\/15.06.2023) . Not\u0103: Pentru mesajele pe e-mail solicita\u021bi \u00eentotdeauna o confirmare de primire. Acestea pot fi oprite de un filtru de [&hellip;]<\/p>\n","protected":false},"author":1,"featured_media":0,"parent":0,"menu_order":0,"comment_status":"closed","ping_status":"closed","template":"","meta":{"_regular_price":[],"currency_symbol":[],"_lmt_disableupdate":"","_lmt_disable":"","footnotes":""},"class_list":["post-6482","page","type-page","status-publish","hentry"],"post_slider_layout_featured_media_urls":{"thumbnail":"","post_slider_layout_landscape_large":"","post_slider_layout_portrait_large":"","post_slider_layout_square_large":"","post_slider_layout_landscape":"","post_slider_layout_portrait":"","post_slider_layout_square":"","full":""},"_links":{"self":[{"href":"https:\/\/www.dspvn.ro\/index.php\/wp-json\/wp\/v2\/pages\/6482","targetHints":{"allow":["GET"]}}],"collection":[{"href":"https:\/\/www.dspvn.ro\/index.php\/wp-json\/wp\/v2\/pages"}],"about":[{"href":"https:\/\/www.dspvn.ro\/index.php\/wp-json\/wp\/v2\/types\/page"}],"author":[{"embeddable":true,"href":"https:\/\/www.dspvn.ro\/index.php\/wp-json\/wp\/v2\/users\/1"}],"replies":[{"embeddable":true,"href":"https:\/\/www.dspvn.ro\/index.php\/wp-json\/wp\/v2\/comments?post=6482"}],"version-history":[{"count":5,"href":"https:\/\/www.dspvn.ro\/index.php\/wp-json\/wp\/v2\/pages\/6482\/revisions"}],"predecessor-version":[{"id":6495,"href":"https:\/\/www.dspvn.ro\/index.php\/wp-json\/wp\/v2\/pages\/6482\/revisions\/6495"}],"wp:attachment":[{"href":"https:\/\/www.dspvn.ro\/index.php\/wp-json\/wp\/v2\/media?parent=6482"}],"curies":[{"name":"wp","href":"https:\/\/api.w.org\/{rel}","templated":true}]}}